{"id":79,"date":"2020-09-25T21:28:36","date_gmt":"2020-09-25T19:28:36","guid":{"rendered":"https:\/\/www.zrno.sk\/?page_id=79"},"modified":"2025-12-29T23:46:39","modified_gmt":"2025-12-29T22:46:39","slug":"home","status":"publish","type":"page","link":"https:\/\/www.zrno.sk\/","title":{"rendered":"Zrno, reklamn\u00e1 agent\u00fara"},"content":{"rendered":"<p>[et_pb_section fb_built=&#8220;1&#8243; admin_label=&#8220;Hero&#8220; _builder_version=&#8220;4.27.4&#8243; background_color=&#8220;RGBA(255,255,255,0)&#8220; background_image=&#8220;https:\/\/www.zrno.sk\/wp-content\/uploads\/2022\/03\/Pozadie-na-web_vrch.png&#8220; background_size=&#8220;initial&#8220; background_repeat=&#8220;repeat&#8220; module_alignment=&#8220;center&#8220; custom_margin=&#8220;||||false|false&#8220; custom_margin_tablet=&#8220;||||false|false&#8220; custom_margin_phone=&#8220;||||false|false&#8220; custom_margin_last_edited=&#8220;on|phone&#8220; top_divider_arrangement_tablet=&#8220;&#8220; top_divider_arrangement_phone=&#8220;&#8220; top_divider_arrangement_last_edited=&#8220;on|desktop&#8220; animation_style=&#8220;zoom&#8220; animation_intensity_zoom=&#8220;4%&#8220; border_color_all=&#8220;RGBA(0,0,0,0)&#8220; global_colors_info=&#8220;{}&#8220;][et_pb_row column_structure=&#8220;1_3,1_3,1_3&#8243; use_custom_gutter=&#8220;on&#8220; make_equal=&#8220;on&#8220; module_class=&#8220; et_pb_row_fullwidth&#8220; _builder_version=&#8220;4.27.4&#8243; background_color=&#8220;rgba(0,0,0,0)&#8220; use_background_color_gradient=&#8220;on&#8220; background_color_gradient_direction=&#8220;167deg&#8220; background_color_gradient_stops=&#8220;#e02b20 29%|#ffffff 100%&#8220; background_color_gradient_start=&#8220;#e02b20&#8243; background_color_gradient_start_position=&#8220;29%&#8220; background_color_gradient_end=&#8220;#ffffff&#8220; background_image=&#8220;https:\/\/www.zrno.sk\/wp-content\/uploads\/2020\/09\/circle-background-pattern.png&#8220; background_position=&#8220;top_left&#8220; background_repeat=&#8220;repeat&#8220; width=&#8220;100%&#8220; width_tablet=&#8220;100%&#8220; width_phone=&#8220;&#8220; width_last_edited=&#8220;on|desktop&#8220; max_width=&#8220;100%&#8220; max_width_tablet=&#8220;100%&#8220; max_width_phone=&#8220;&#8220; max_width_last_edited=&#8220;on|desktop&#8220; module_alignment=&#8220;center&#8220; custom_padding=&#8220;||||false|false&#8220; animation_style=&#8220;slide&#8220; animation_direction=&#8220;top&#8220; animation_intensity_slide=&#8220;3%&#8220; make_fullwidth=&#8220;on&#8220; global_colors_info=&#8220;{}&#8220; custom_margin__hover_enabled=&#8220;off|desktop&#8220;][et_pb_column type=&#8220;1_3&#8243; _builder_version=&#8220;4.27.4&#8243; background_color=&#8220;#6B6B6B&#8220; custom_padding=&#8220;7%||||false|false&#8220; global_colors_info=&#8220;{}&#8220; custom_padding__hover=&#8220;|||&#8220;][et_pb_text _builder_version=&#8220;4.27.4&#8243; text_font=&#8220;safiro||||||||&#8220; text_text_color=&#8220;#ffffff&#8220; text_font_size=&#8220;20px&#8220; text_line_height=&#8220;1.8em&#8220; header_font=&#8220;||||||||&#8220; header_2_font=&#8220;safiro|700|||||||&#8220; header_2_text_color=&#8220;#FFFFFF&#8220; header_2_font_size=&#8220;50px&#8220; background_size=&#8220;initial&#8220; background_position=&#8220;top_left&#8220; background_repeat=&#8220;repeat&#8220; custom_margin=&#8220;||10%||false|false&#8220; custom_padding=&#8220;||||false|false&#8220; animation_style=&#8220;slide&#8220; animation_direction=&#8220;top&#8220; animation_intensity_slide=&#8220;17%&#8220; locked=&#8220;off&#8220; global_colors_info=&#8220;{}&#8220;]<\/p>\n<h2 style=\"text-align: center;\"><strong>zrno<\/strong><br \/><span style=\"font-size: 20px;\"><\/span><\/h2>\n<p>[\/et_pb_text][et_pb_text _builder_version=&#8220;4.27.5&#8243; text_font=&#8220;&#8211;et_global_body_font|100|||||||&#8220; text_text_color=&#8220;#ffffff&#8220; text_font_size=&#8220;20px&#8220; text_line_height=&#8220;1.8em&#8220; header_font=&#8220;||||||||&#8220; background_size=&#8220;initial&#8220; background_position=&#8220;top_left&#8220; background_repeat=&#8220;repeat&#8220; custom_margin=&#8220;||||false|false&#8220; custom_padding=&#8220;||10px||false|false&#8220; animation_style=&#8220;slide&#8220; animation_direction=&#8220;top&#8220; animation_intensity_slide=&#8220;17%&#8220; hover_enabled=&#8220;0&#8243; locked=&#8220;off&#8220; global_colors_info=&#8220;{}&#8220; sticky_enabled=&#8220;0&#8243;]<\/p>\n<p style=\"text-align: center;\"><strong>reklamn\u00e1 agent\u00fara<\/strong><br \/>Radlinsk\u00e9ho 1710\/30<br \/>(vstup cez kn\u00edhkupectvo Zrno)<br \/>026 01 Doln\u00fd Kub\u00edn<\/p>\n<p style=\"text-align: center;\"><strong>Aktu\u00e1lne zatvoren\u00e9 do 6. 1. 2026<\/strong><\/p>\n<p style=\"text-align: center;\">Pracovn\u00e1 doba:<br \/>pondelok a\u017e piatok:<br \/>8.00 \u2013\u00a016.00 hod.<\/p>\n<p style=\"text-align: center;\">Tel.: +421 905 61 99 18<br \/><span style=\"font-size: 20px;\">Email:\u00a0zrno@zrno.sk<\/span><\/p>\n<p>[\/et_pb_text][et_pb_button button_url=&#8220;@ET-DC@eyJkeW5hbWljIjp0cnVlLCJjb250ZW50IjoicG9zdF9saW5rX3VybF9wYWdlIiwic2V0dGluZ3MiOnsicG9zdF9pZCI6IjI1MCJ9fQ==@&#8220; button_text=&#8220;POKRA\u010cUJ&#8220; button_alignment=&#8220;center&#8220; _builder_version=&#8220;4.18.0&#8243; _dynamic_attributes=&#8220;button_url&#8220; _module_preset=&#8220;default&#8220; custom_button=&#8220;on&#8220; button_border_width=&#8220;3px&#8220; button_border_radius=&#8220;100px&#8220; button_letter_spacing=&#8220;1px&#8220; button_font=&#8220;Duru Sans|700|||||||&#8220; button_icon=&#8220;&#x45;||divi||400&#8243; background_layout=&#8220;dark&#8220; custom_margin=&#8220;50px||50px||false|false&#8220; custom_padding=&#8220;7px||4px||false|false&#8220; global_colors_info=&#8220;{}&#8220;][\/et_pb_button][\/et_pb_column][et_pb_column type=&#8220;1_3&#8243; _builder_version=&#8220;4.27.4&#8243; _module_preset=&#8220;default&#8220; background_color=&#8220;#E02B20&#8243; custom_padding=&#8220;7%||||false|false&#8220; global_colors_info=&#8220;{}&#8220;][et_pb_text _builder_version=&#8220;4.27.4&#8243; text_font=&#8220;safiro||||||||&#8220; text_text_color=&#8220;#ffffff&#8220; text_font_size=&#8220;20px&#8220; text_line_height=&#8220;1.8em&#8220; header_font=&#8220;||||||||&#8220; header_2_font=&#8220;safiro|700|||||||&#8220; header_2_text_color=&#8220;#FFFFFF&#8220; header_2_font_size=&#8220;50px&#8220; background_size=&#8220;initial&#8220; background_position=&#8220;top_left&#8220; background_repeat=&#8220;repeat&#8220; custom_margin=&#8220;||10%||false|false&#8220; custom_padding=&#8220;||||false|false&#8220; animation_style=&#8220;slide&#8220; animation_direction=&#8220;top&#8220; animation_intensity_slide=&#8220;17%&#8220; locked=&#8220;off&#8220; global_colors_info=&#8220;{}&#8220;]<\/p>\n<h2 style=\"text-align: center;\"><strong>zrno<\/strong><br \/><span style=\"font-size: 20px;\"><\/span><\/h2>\n<p>[\/et_pb_text][et_pb_text _builder_version=&#8220;4.27.5&#8243; text_font=&#8220;&#8211;et_global_body_font|100|||||||&#8220; text_text_color=&#8220;#ffffff&#8220; text_font_size=&#8220;20px&#8220; text_line_height=&#8220;1.8em&#8220; header_font=&#8220;||||||||&#8220; background_size=&#8220;initial&#8220; background_position=&#8220;top_left&#8220; background_repeat=&#8220;repeat&#8220; custom_margin=&#8220;||||false|false&#8220; custom_padding=&#8220;||||false|false&#8220; animation_style=&#8220;slide&#8220; animation_direction=&#8220;top&#8220; animation_intensity_slide=&#8220;17%&#8220; hover_enabled=&#8220;0&#8243; locked=&#8220;off&#8220; global_colors_info=&#8220;{}&#8220; sticky_enabled=&#8220;0&#8243;]<\/p>\n<p style=\"text-align: center;\"><strong>kn\u00edhkupectvo Zrno<\/strong><br \/>Radlinsk\u00e9ho 1710\/30<br \/>026 01 Doln\u00fd Kub\u00edn<\/p>\n<p style=\"text-align: center;\"><strong>Aktu\u00e1lna otv\u00e1racia doba:<\/strong><br \/><strong> 29. 12. 2025<span class=\"Apple-tab-span\">\u00a0<\/span>\u2013 9.00-16.00<\/strong><br \/><strong> 30. 12. 2025<span class=\"Apple-tab-span\">\u00a0<\/span>\u2013 9.00-16.00<\/strong><br \/><strong> 31. 12. 2025<span class=\"Apple-tab-span\">\u00a0<\/span>\u2013 zatvoren\u00e9<\/strong><br \/><strong> 1. 1. 2026<span class=\"Apple-tab-span\"> <\/span>\u2013 zatvoren\u00e9<\/strong><br \/><strong> 2. 1. 2026<span class=\"Apple-tab-span\"> <\/span>\u2013 9.00-16.00<\/strong><br \/><strong> 3. 1. 2026<span class=\"Apple-tab-span\"> <\/span>\u2013 zatvoren\u00e9<\/strong><br \/><strong> 4. 1. 2026<span class=\"Apple-tab-span\"> <\/span>\u2013 zatvoren\u00e9<\/strong><br \/><strong> 5. 1. 2026<span class=\"Apple-tab-span\"> <\/span>\u2013 9.00-16.00<\/strong><br \/><strong> 6. 1. 2026<span class=\"Apple-tab-span\"> <\/span>\u2013 zatvoren\u00e9<\/strong><\/p>\n<p style=\"text-align: center;\">Otvoren\u00e9:<br \/>pondelok a\u017e piatok:<br \/>8.00 \u2013\u00a016.30 hod.<\/p>\n<p style=\"text-align: center;\">Tel.:\u00a0+421\u00a0915 82 59 72<br \/><span style=\"font-size: 20px;\">Email:\u00a0knihkupectvo@zrno.sk<\/span><\/p>\n<p>[\/et_pb_text][et_pb_image src=&#8220;https:\/\/www.zrno.sk\/wp-content\/uploads\/2020\/11\/spriatelene-knihkupectvo.png&#8220; title_text=&#8220;spriatelene-knihkupectvo&#8220; url=&#8220;https:\/\/www.martinus.sk\/spriatelene-knihkupectva\/?z=L06VOQ&#038;utm_source=z%3DL06VOQ&#038;utm_medium=url&#038;utm_campaign=partner&#8220; url_new_window=&#8220;on&#8220; align=&#8220;center&#8220; _builder_version=&#8220;4.27.5&#8243; _module_preset=&#8220;default&#8220; width=&#8220;30%&#8220; module_alignment=&#8220;center&#8220; custom_margin=&#8220;19px||||false|false&#8220; animation_style=&#8220;slide&#8220; animation_direction=&#8220;right&#8220; animation_delay=&#8220;1200ms&#8220; animation_intensity_slide=&#8220;86%&#8220; animation_starting_opacity=&#8220;23%&#8220; hover_enabled=&#8220;0&#8243; border_radii=&#8220;on|8px|8px|8px|8px&#8220; global_colors_info=&#8220;{}&#8220; transform_scale=&#8220;72%|72%&#8220; sticky_enabled=&#8220;0&#8243;][\/et_pb_image][et_pb_social_media_follow _builder_version=&#8220;4.16&#8243; _module_preset=&#8220;default&#8220; text_orientation=&#8220;center&#8220; custom_margin=&#8220;8%||||false|false&#8220; border_radii=&#8220;on|4px|4px|4px|4px&#8220; global_colors_info=&#8220;{}&#8220;][et_pb_social_media_follow_network social_network=&#8220;facebook&#8220; url=&#8220;http:\/\/www.facebook.com\/KnihkupectvoZrno&#8220; icon_color=&#8220;#ffffff&#8220; use_icon_font_size=&#8220;on&#8220; icon_font_size=&#8220;20px&#8220; _builder_version=&#8220;4.16&#8243; _module_preset=&#8220;default&#8220; background_color=&#8220;rgba(0,0,0,0)&#8220; background_enable_color=&#8220;on&#8220; border_radii=&#8220;on|5px|5px|5px|5px&#8220; border_width_all=&#8220;2px&#8220; border_color_all=&#8220;#ffffff&#8220; global_colors_info=&#8220;{}&#8220; follow_button=&#8220;off&#8220; url_new_window=&#8220;on&#8220;]facebook[\/et_pb_social_media_follow_network][et_pb_social_media_follow_network social_network=&#8220;instagram&#8220; url=&#8220;http:\/\/www.instagram.com\/knihkupectvozrno&#8220; icon_color=&#8220;#ffffff&#8220; use_icon_font_size=&#8220;on&#8220; icon_font_size=&#8220;20px&#8220; _builder_version=&#8220;4.16&#8243; _module_preset=&#8220;default&#8220; background_color=&#8220;rgba(0,0,0,0)&#8220; background_enable_color=&#8220;on&#8220; border_radii=&#8220;on|5px|5px|5px|5px&#8220; border_width_all=&#8220;2px&#8220; border_color_all=&#8220;#ffffff&#8220; global_colors_info=&#8220;{}&#8220; follow_button=&#8220;off&#8220; url_new_window=&#8220;on&#8220;]instagram[\/et_pb_social_media_follow_network][\/et_pb_social_media_follow][et_pb_image src=&#8220;https:\/\/www.zrno.sk\/wp-content\/uploads\/2020\/10\/platobne-karty.png&#8220; title_text=&#8220;platobne-karty&#8220; show_bottom_space=&#8220;off&#8220; align=&#8220;center&#8220; _builder_version=&#8220;4.27.4&#8243; _module_preset=&#8220;default&#8220; custom_margin=&#8220;|6%||6%|false|false&#8220; custom_padding=&#8220;31px||34px||false|false&#8220; animation_style=&#8220;zoom&#8220; animation_direction=&#8220;top&#8220; animation_duration=&#8220;2000ms&#8220; animation_delay=&#8220;350ms&#8220; animation_intensity_zoom=&#8220;69%&#8220; animation_speed_curve=&#8220;ease&#8220; border_radii=&#8220;on|4px|4px|4px|4px&#8220; global_colors_info=&#8220;{}&#8220;][\/et_pb_image][\/et_pb_column][et_pb_column type=&#8220;1_3&#8243; _builder_version=&#8220;4.27.4&#8243; _module_preset=&#8220;default&#8220; background_color=&#8220;#44580E&#8220; custom_padding=&#8220;7%||||false|false&#8220; global_colors_info=&#8220;{}&#8220;][et_pb_text _builder_version=&#8220;4.27.4&#8243; text_font=&#8220;safiro||||||||&#8220; text_text_color=&#8220;#ffffff&#8220; text_font_size=&#8220;20px&#8220; text_line_height=&#8220;1.8em&#8220; header_font=&#8220;||||||||&#8220; header_2_font=&#8220;safiro|700|||||||&#8220; header_2_text_color=&#8220;#FFFFFF&#8220; header_2_font_size=&#8220;50px&#8220; background_size=&#8220;initial&#8220; background_position=&#8220;top_left&#8220; background_repeat=&#8220;repeat&#8220; custom_margin=&#8220;||10%||false|false&#8220; custom_padding=&#8220;||||false|false&#8220; animation_style=&#8220;slide&#8220; animation_direction=&#8220;top&#8220; animation_intensity_slide=&#8220;17%&#8220; locked=&#8220;off&#8220; global_colors_info=&#8220;{}&#8220;]<\/p>\n<h2 style=\"text-align: center;\"><strong>zrno<\/strong><br \/><span style=\"font-size: 20px;\"><\/span><\/h2>\n<p>[\/et_pb_text][et_pb_text _builder_version=&#8220;4.27.5&#8243; text_font=&#8220;&#8211;et_global_heading_font|100|||||||&#8220; text_text_color=&#8220;#ffffff&#8220; text_font_size=&#8220;20px&#8220; text_line_height=&#8220;1.8em&#8220; header_font=&#8220;||||||||&#8220; background_size=&#8220;initial&#8220; background_position=&#8220;top_left&#8220; background_repeat=&#8220;repeat&#8220; custom_margin=&#8220;||||false|false&#8220; custom_padding=&#8220;1px||||false|false&#8220; animation_style=&#8220;slide&#8220; animation_direction=&#8220;top&#8220; animation_intensity_slide=&#8220;17%&#8220; hover_enabled=&#8220;0&#8243; locked=&#8220;off&#8220; global_colors_info=&#8220;{}&#8220; sticky_enabled=&#8220;0&#8243;]<\/p>\n<p style=\"text-align: center;\"><strong>kop\u00edrovacia slu\u017eba, foto ihne\u010f<\/strong><br \/>Radlinsk\u00e9ho 1710\/30<br \/>(v priestoroch kn\u00edhkupectva Zrno)<br \/>026 01 Doln\u00fd Kub\u00edn<\/p>\n<p style=\"text-align: center;\"><strong>Aktu\u00e1lna otv\u00e1racia doba:<\/strong><br \/><strong> 29. 12. 2025<span class=\"Apple-tab-span\">\u00a0<\/span>\u2013 9.00-16.00<\/strong><br \/><strong> 30. 12. 2025<span class=\"Apple-tab-span\">\u00a0<\/span>\u2013 9.00-16.00<\/strong><br \/><strong> 31. 12. 2025<span class=\"Apple-tab-span\">\u00a0<\/span>\u2013 zatvoren\u00e9<\/strong><br \/><strong> 1. 1. 2026<span class=\"Apple-tab-span\"> <\/span>\u2013 zatvoren\u00e9<\/strong><br \/><strong> 2. 1. 2026<span class=\"Apple-tab-span\"> <\/span>\u2013 9.00-16.00<\/strong><br \/><strong> 3. 1. 2026<span class=\"Apple-tab-span\"> <\/span>\u2013 zatvoren\u00e9<\/strong><br \/><strong> 4. 1. 2026<span class=\"Apple-tab-span\"> <\/span>\u2013 zatvoren\u00e9<\/strong><br \/><strong> 5. 1. 2026<span class=\"Apple-tab-span\"> <\/span>\u2013 9.00-16.00<\/strong><br \/><strong> 6. 1. 2026<span class=\"Apple-tab-span\"> <\/span>\u2013 zatvoren\u00e9<\/strong><\/p>\n<p style=\"text-align: center;\">Otvoren\u00e9:<br \/>pondelok a\u017e piatok:<br \/>8.00 \u2013\u00a016.30 hod.<\/p>\n<p style=\"text-align: center;\">Tel.:\u00a0+421\u00a0915 82 59 72<br \/><span style=\"font-size: 20px;\">Email: kopirovanie@zrno.sk<\/span><\/p>\n<p>[\/et_pb_text][et_pb_blurb title=&#8220;CEWE foto ihne\u010f&#8220; url=&#8220;https:\/\/www.cewe.sk\/order-at-home&#8220; url_new_window=&#8220;on&#8220; image=&#8220;https:\/\/www.zrno.sk\/wp-content\/uploads\/2020\/10\/Fotolab-newest-logo.png&#8220; image_icon_width=&#8220;70%&#8220; _builder_version=&#8220;4.27.5&#8243; _module_preset=&#8220;default&#8220; header_level=&#8220;h2&#8243; header_font=&#8220;|700|||||||&#8220; header_text_align=&#8220;center&#8220; header_font_size=&#8220;19px&#8220; header_line_height=&#8220;0.2em&#8220; body_font=&#8220;safiro||||||||&#8220; body_text_align=&#8220;center&#8220; body_font_size=&#8220;15px&#8220; body_line_height=&#8220;1.1em&#8220; text_orientation=&#8220;center&#8220; background_layout=&#8220;dark&#8220; custom_margin=&#8220;14px||0px||false|false&#8220; custom_padding=&#8220;0px||43px||false|false&#8220; link_option_url=&#8220;https:\/\/www.cewe.sk\/order-at-home&#8220; hover_enabled=&#8220;0&#8243; border_radii_image=&#8220;on|7px|7px|7px|7px&#8220; image_max_width=&#8220;70%&#8220; global_colors_info=&#8220;{}&#8220; sticky_enabled=&#8220;0&#8243;]<\/p>\n<p style=\"text-align: center;\">Vytla\u010dte si fotografie u n\u00e1s,<br \/>alebo objednajte online a vytla\u010dte u nas<\/p>\n<p>[\/et_pb_blurb][et_pb_social_media_follow _builder_version=&#8220;4.16&#8243; _module_preset=&#8220;default&#8220; background_color=&#8220;rgba(0,0,0,0)&#8220; text_orientation=&#8220;center&#8220; custom_margin=&#8220;7%||||false|false&#8220; global_colors_info=&#8220;{}&#8220;][et_pb_social_media_follow_network social_network=&#8220;facebook&#8220; url=&#8220;http:\/\/www.facebook.com\/kopirovaciasluzbazrno&#8220; icon_color=&#8220;#ffffff&#8220; use_icon_font_size=&#8220;on&#8220; icon_font_size=&#8220;20px&#8220; _builder_version=&#8220;4.16&#8243; _module_preset=&#8220;default&#8220; background_color=&#8220;rgba(0,0,0,0)&#8220; background_enable_color=&#8220;on&#8220; border_radii=&#8220;on|5px|5px|5px|5px&#8220; border_width_all=&#8220;2px&#8220; border_color_all=&#8220;#ffffff&#8220; global_colors_info=&#8220;{}&#8220; follow_button=&#8220;off&#8220; url_new_window=&#8220;on&#8220;]facebook[\/et_pb_social_media_follow_network][\/et_pb_social_media_follow][et_pb_image src=&#8220;https:\/\/www.zrno.sk\/wp-content\/uploads\/2020\/10\/platobne-karty.png&#8220; title_text=&#8220;platobne-karty&#8220; align=&#8220;center&#8220; _builder_version=&#8220;4.27.4&#8243; _module_preset=&#8220;default&#8220; custom_margin=&#8220;|6%||6%|false|false&#8220; custom_padding=&#8220;24px||10px||false|false&#8220; animation_style=&#8220;zoom&#8220; animation_direction=&#8220;top&#8220; animation_duration=&#8220;2000ms&#8220; animation_delay=&#8220;350ms&#8220; animation_intensity_zoom=&#8220;69%&#8220; animation_speed_curve=&#8220;ease&#8220; border_radii=&#8220;on|4px|4px|4px|4px&#8220; global_colors_info=&#8220;{}&#8220;][\/et_pb_image][\/et_pb_column][\/et_pb_row][\/et_pb_section]<\/p>\n","protected":false},"excerpt":{"rendered":"<p>zrnoreklamn\u00e1 agent\u00faraRadlinsk\u00e9ho 1710\/30(vstup cez kn\u00edhkupectvo Zrno)026 01 Doln\u00fd Kub\u00edn Aktu\u00e1lne zatvoren\u00e9 do 6. 1. 2026 Pracovn\u00e1 doba:pondelok a\u017e piatok:8.00 \u2013\u00a016.00 hod. Tel.: +421 905 61 99 18Email:\u00a0zrno@zrno.skzrnokn\u00edhkupectvo ZrnoRadlinsk\u00e9ho 1710\/30026 01 Doln\u00fd Kub\u00edn Aktu\u00e1lna otv\u00e1racia doba: 29. 12. 2025\u00a0\u2013 9.00-16.00 30. 12. 2025\u00a0\u2013 9.00-16.00 31. 12. 2025\u00a0\u2013 zatvoren\u00e9 1. 1. 2026 \u2013 zatvoren\u00e9 2. 1. 2026 [&hellip;]<\/p>\n","protected":false},"author":1,"featured_media":0,"parent":0,"menu_order":0,"comment_status":"closed","ping_status":"closed","template":"","meta":{"_et_pb_use_builder":"on","_et_pb_old_content":"","_et_gb_content_width":"","_monsterinsights_skip_tracking":false,"_monsterinsights_sitenote_active":false,"_monsterinsights_sitenote_note":"","_monsterinsights_sitenote_category":0,"footnotes":""},"class_list":["post-79","page","type-page","status-publish","hentry"],"yoast_head":"<!-- This site is optimized with the Yoast SEO plugin v27.4 - https:\/\/yoast.com\/product\/yoast-seo-wordpress\/ -->\n<title>Zrno, reklamn\u00e1 agent\u00fara - Zrno<\/title>\n<meta name=\"robots\" content=\"index, follow, max-snippet:-1, max-image-preview:large, max-video-preview:-1\" \/>\n<link rel=\"canonical\" href=\"https:\/\/www.zrno.sk\/\" \/>\n<meta property=\"og:locale\" content=\"sk_SK\" \/>\n<meta property=\"og:type\" content=\"article\" \/>\n<meta property=\"og:title\" content=\"Zrno, reklamn\u00e1 agent\u00fara - Zrno\" \/>\n<meta property=\"og:description\" content=\"zrnoreklamn\u00e1 agent\u00faraRadlinsk\u00e9ho 1710\/30(vstup cez kn\u00edhkupectvo Zrno)026 01 Doln\u00fd Kub\u00edn Aktu\u00e1lne zatvoren\u00e9 do 6. 1. 2026 Pracovn\u00e1 doba:pondelok a\u017e piatok:8.00 \u2013\u00a016.00 hod. Tel.: +421 905 61 99 18Email:\u00a0zrno@zrno.skzrnokn\u00edhkupectvo ZrnoRadlinsk\u00e9ho 1710\/30026 01 Doln\u00fd Kub\u00edn Aktu\u00e1lna otv\u00e1racia doba: 29. 12. 2025\u00a0\u2013 9.00-16.00 30. 12. 2025\u00a0\u2013 9.00-16.00 31. 12. 2025\u00a0\u2013 zatvoren\u00e9 1. 1. 2026 \u2013 zatvoren\u00e9 2. 1. 2026 [&hellip;]\" \/>\n<meta property=\"og:url\" content=\"https:\/\/www.zrno.sk\/\" \/>\n<meta property=\"og:site_name\" content=\"Zrno\" \/>\n<meta property=\"article:modified_time\" content=\"2025-12-29T22:46:39+00:00\" \/>\n<meta name=\"twitter:card\" content=\"summary_large_image\" \/>\n<meta name=\"twitter:label1\" content=\"Predpokladan\u00fd \u010das \u010d\u00edtania\" \/>\n\t<meta name=\"twitter:data1\" content=\"3 min\u00faty\" \/>\n<script type=\"application\/ld+json\" class=\"yoast-schema-graph\">{\"@context\":\"https:\\\/\\\/schema.org\",\"@graph\":[{\"@type\":\"WebPage\",\"@id\":\"https:\\\/\\\/www.zrno.sk\\\/\",\"url\":\"https:\\\/\\\/www.zrno.sk\\\/\",\"name\":\"Zrno, reklamn\u00e1 agent\u00fara - Zrno\",\"isPartOf\":{\"@id\":\"https:\\\/\\\/www.zrno.sk\\\/#website\"},\"datePublished\":\"2020-09-25T19:28:36+00:00\",\"dateModified\":\"2025-12-29T22:46:39+00:00\",\"breadcrumb\":{\"@id\":\"https:\\\/\\\/www.zrno.sk\\\/#breadcrumb\"},\"inLanguage\":\"sk-SK\",\"potentialAction\":[{\"@type\":\"ReadAction\",\"target\":[\"https:\\\/\\\/www.zrno.sk\\\/\"]}]},{\"@type\":\"BreadcrumbList\",\"@id\":\"https:\\\/\\\/www.zrno.sk\\\/#breadcrumb\",\"itemListElement\":[{\"@type\":\"ListItem\",\"position\":1,\"name\":\"Home\",\"item\":\"https:\\\/\\\/www.zrno.sk\\\/\"},{\"@type\":\"ListItem\",\"position\":2,\"name\":\"Zrno, reklamn\u00e1 agent\u00fara\"}]},{\"@type\":\"WebSite\",\"@id\":\"https:\\\/\\\/www.zrno.sk\\\/#website\",\"url\":\"https:\\\/\\\/www.zrno.sk\\\/\",\"name\":\"Zrno\",\"description\":\"Reklamn\u00e1 agent\u00fara \u2022 Kn\u00edhkupectvo \u2022 Kop\u00edrovacia sluzba\",\"publisher\":{\"@id\":\"https:\\\/\\\/www.zrno.sk\\\/#organization\"},\"potentialAction\":[{\"@type\":\"SearchAction\",\"target\":{\"@type\":\"EntryPoint\",\"urlTemplate\":\"https:\\\/\\\/www.zrno.sk\\\/?s={search_term_string}\"},\"query-input\":{\"@type\":\"PropertyValueSpecification\",\"valueRequired\":true,\"valueName\":\"search_term_string\"}}],\"inLanguage\":\"sk-SK\"},{\"@type\":\"Organization\",\"@id\":\"https:\\\/\\\/www.zrno.sk\\\/#organization\",\"name\":\"Zrno, reklamn\u00e1 agent\u00fara\",\"url\":\"https:\\\/\\\/www.zrno.sk\\\/\",\"logo\":{\"@type\":\"ImageObject\",\"inLanguage\":\"sk-SK\",\"@id\":\"https:\\\/\\\/www.zrno.sk\\\/#\\\/schema\\\/logo\\\/image\\\/\",\"url\":\"https:\\\/\\\/www.zrno.sk\\\/wp-content\\\/uploads\\\/2020\\\/10\\\/zrno_logo_na-titulku.png\",\"contentUrl\":\"https:\\\/\\\/www.zrno.sk\\\/wp-content\\\/uploads\\\/2020\\\/10\\\/zrno_logo_na-titulku.png\",\"width\":268,\"height\":268,\"caption\":\"Zrno, reklamn\u00e1 agent\u00fara\"},\"image\":{\"@id\":\"https:\\\/\\\/www.zrno.sk\\\/#\\\/schema\\\/logo\\\/image\\\/\"}}]}<\/script>\n<!-- \/ Yoast SEO plugin. -->","yoast_head_json":{"title":"Zrno, reklamn\u00e1 agent\u00fara - Zrno","robots":{"index":"index","follow":"follow","max-snippet":"max-snippet:-1","max-image-preview":"max-image-preview:large","max-video-preview":"max-video-preview:-1"},"canonical":"https:\/\/www.zrno.sk\/","og_locale":"sk_SK","og_type":"article","og_title":"Zrno, reklamn\u00e1 agent\u00fara - Zrno","og_description":"zrnoreklamn\u00e1 agent\u00faraRadlinsk\u00e9ho 1710\/30(vstup cez kn\u00edhkupectvo Zrno)026 01 Doln\u00fd Kub\u00edn Aktu\u00e1lne zatvoren\u00e9 do 6. 1. 2026 Pracovn\u00e1 doba:pondelok a\u017e piatok:8.00 \u2013\u00a016.00 hod. Tel.: +421 905 61 99 18Email:\u00a0zrno@zrno.skzrnokn\u00edhkupectvo ZrnoRadlinsk\u00e9ho 1710\/30026 01 Doln\u00fd Kub\u00edn Aktu\u00e1lna otv\u00e1racia doba: 29. 12. 2025\u00a0\u2013 9.00-16.00 30. 12. 2025\u00a0\u2013 9.00-16.00 31. 12. 2025\u00a0\u2013 zatvoren\u00e9 1. 1. 2026 \u2013 zatvoren\u00e9 2. 1. 2026 [&hellip;]","og_url":"https:\/\/www.zrno.sk\/","og_site_name":"Zrno","article_modified_time":"2025-12-29T22:46:39+00:00","twitter_card":"summary_large_image","twitter_misc":{"Predpokladan\u00fd \u010das \u010d\u00edtania":"3 min\u00faty"},"schema":{"@context":"https:\/\/schema.org","@graph":[{"@type":"WebPage","@id":"https:\/\/www.zrno.sk\/","url":"https:\/\/www.zrno.sk\/","name":"Zrno, reklamn\u00e1 agent\u00fara - Zrno","isPartOf":{"@id":"https:\/\/www.zrno.sk\/#website"},"datePublished":"2020-09-25T19:28:36+00:00","dateModified":"2025-12-29T22:46:39+00:00","breadcrumb":{"@id":"https:\/\/www.zrno.sk\/#breadcrumb"},"inLanguage":"sk-SK","potentialAction":[{"@type":"ReadAction","target":["https:\/\/www.zrno.sk\/"]}]},{"@type":"BreadcrumbList","@id":"https:\/\/www.zrno.sk\/#breadcrumb","itemListElement":[{"@type":"ListItem","position":1,"name":"Home","item":"https:\/\/www.zrno.sk\/"},{"@type":"ListItem","position":2,"name":"Zrno, reklamn\u00e1 agent\u00fara"}]},{"@type":"WebSite","@id":"https:\/\/www.zrno.sk\/#website","url":"https:\/\/www.zrno.sk\/","name":"Zrno","description":"Reklamn\u00e1 agent\u00fara \u2022 Kn\u00edhkupectvo \u2022 Kop\u00edrovacia sluzba","publisher":{"@id":"https:\/\/www.zrno.sk\/#organization"},"potentialAction":[{"@type":"SearchAction","target":{"@type":"EntryPoint","urlTemplate":"https:\/\/www.zrno.sk\/?s={search_term_string}"},"query-input":{"@type":"PropertyValueSpecification","valueRequired":true,"valueName":"search_term_string"}}],"inLanguage":"sk-SK"},{"@type":"Organization","@id":"https:\/\/www.zrno.sk\/#organization","name":"Zrno, reklamn\u00e1 agent\u00fara","url":"https:\/\/www.zrno.sk\/","logo":{"@type":"ImageObject","inLanguage":"sk-SK","@id":"https:\/\/www.zrno.sk\/#\/schema\/logo\/image\/","url":"https:\/\/www.zrno.sk\/wp-content\/uploads\/2020\/10\/zrno_logo_na-titulku.png","contentUrl":"https:\/\/www.zrno.sk\/wp-content\/uploads\/2020\/10\/zrno_logo_na-titulku.png","width":268,"height":268,"caption":"Zrno, reklamn\u00e1 agent\u00fara"},"image":{"@id":"https:\/\/www.zrno.sk\/#\/schema\/logo\/image\/"}}]}},"_links":{"self":[{"href":"https:\/\/www.zrno.sk\/index.php?rest_route=\/wp\/v2\/pages\/79","targetHints":{"allow":["GET"]}}],"collection":[{"href":"https:\/\/www.zrno.sk\/index.php?rest_route=\/wp\/v2\/pages"}],"about":[{"href":"https:\/\/www.zrno.sk\/index.php?rest_route=\/wp\/v2\/types\/page"}],"author":[{"embeddable":true,"href":"https:\/\/www.zrno.sk\/index.php?rest_route=\/wp\/v2\/users\/1"}],"replies":[{"embeddable":true,"href":"https:\/\/www.zrno.sk\/index.php?rest_route=%2Fwp%2Fv2%2Fcomments&post=79"}],"version-history":[{"count":5,"href":"https:\/\/www.zrno.sk\/index.php?rest_route=\/wp\/v2\/pages\/79\/revisions"}],"predecessor-version":[{"id":673,"href":"https:\/\/www.zrno.sk\/index.php?rest_route=\/wp\/v2\/pages\/79\/revisions\/673"}],"wp:attachment":[{"href":"https:\/\/www.zrno.sk\/index.php?rest_route=%2Fwp%2Fv2%2Fmedia&parent=79"}],"curies":[{"name":"wp","href":"https:\/\/api.w.org\/{rel}","templated":true}]}}